{"id":3213,"date":"2020-02-18T08:55:52","date_gmt":"2020-02-18T08:55:52","guid":{"rendered":"https:\/\/gigi.ee\/product\/nutri-peptide-anti-aging-booster-125-ml\/"},"modified":"2024-12-13T14:42:57","modified_gmt":"2024-12-13T14:42:57","slug":"nutri-peptide-anti-aging-booster-125-ml","status":"publish","type":"product","link":"https:\/\/gigi.ee\/ru\/koik-tooted\/dlya-professionalov\/nutri-pepride-pro\/nutri-peptide-anti-aging-booster-125-ml\/","title":{"rendered":"Nutri Peptide Anti-Aging Booster 125 ml"},"content":{"rendered":"<p><span style=\"font-weight: 400;\">Vananemisilminguid ennetav m\u00f5jus vahend aitab s\u00e4ilitada naha s\u00e4ra ja v\u00e4rskust. Preparaat sisaldab v\u00e4ikese molekulmassiga h\u00fcaluroonhapet ja peptiidikompleksi, mis muudab valguse energiaks. Niisutab kiiresti nahka, ergutab kollageeni s\u00fcnteesi, t\u00f5stab n\u00e4oovaali, parandab m\u00e4rgatavalt naha tekstuuri, k\u00f5rvaldab iluvead, hoiab \u00e4ra uute kortsude tekke ja silub olemasolevaid ning avaldab kiiret ja tajutavat toimet kohe p\u00e4rast protseduuri. Taastab naha v\u00e4rskuse, s\u00e4ra ja tervise. Ainult salongis kasutamiseks.<\/span><\/p>\n","protected":false},"excerpt":{"rendered":"<p>Vananemisilminguid ennetav m\u00f5jus vahend aitab s\u00e4ilitada naha s\u00e4ra ja v\u00e4rskust. Preparaat sisaldab v\u00e4ikese molekulmassiga h\u00fcaluroonhapet ja peptiidikompleksi, mis muudab valguse energiaks. Niisutab kiiresti nahka, ergutab kollageeni s\u00fcnteesi, t\u00f5stab n\u00e4oovaali, parandab m\u00e4rgatavalt naha tekstuuri, k\u00f5rvaldab iluvead, hoiab \u00e4ra uute kortsude tekke ja silub olemasolevaid ning avaldab kiiret ja tajutavat toimet kohe p\u00e4rast protseduuri. Taastab naha v\u00e4rskuse, [&hellip;]<\/p>\n","protected":false},"featured_media":3212,"template":"","meta":[],"product_brand":[],"product_cat":[158,117],"product_tag":[],"class_list":{"0":"post-3213","1":"product","2":"type-product","3":"status-publish","4":"has-post-thumbnail","6":"product_cat-nutri-pepride-pro","7":"product_cat-dlya-professionalov","8":"pa_kategorii-proff-aktivnye-sredstva-serumy-retinoly-kisloty-biofitoestrageny-vitaminy","9":"pa_skin-proff-vozrastnaya-35","10":"pa_skin-proff-zhirnaya-i-kombinirovannaya-s-priznakami-akne-i-seborei","11":"pa_skin-proff-zrelaya-55","12":"pa_skin-proff-suhaya","14":"first","15":"instock","16":"shipping-taxable","17":"product-type-simple"},"yoast_head":"<!-- This site is optimized with the Yoast SEO plugin v27.3 - https:\/\/yoast.com\/product\/yoast-seo-wordpress\/ -->\n<title>Nutri Peptide Anti-Aging Booster 125 ml - Dolores GIGI<\/title>\n<meta name=\"robots\" content=\"index, follow, max-snippet:-1, max-image-preview:large, max-video-preview:-1\" \/>\n<link rel=\"canonical\" href=\"https:\/\/gigi.ee\/koik-tooted\/professionaalidele\/nutri-pepride-pro\/nutri-peptide-anti-aging-booster-125-ml\/\" \/>\n<meta property=\"og:locale\" content=\"ru_RU\" \/>\n<meta property=\"og:type\" content=\"article\" \/>\n<meta property=\"og:title\" content=\"Nutri Peptide Anti-Aging Booster 125 ml - Dolores GIGI\" \/>\n<meta property=\"og:description\" content=\"Vananemisilminguid ennetav m\u00f5jus vahend aitab s\u00e4ilitada naha s\u00e4ra ja v\u00e4rskust. Preparaat sisaldab v\u00e4ikese molekulmassiga h\u00fcaluroonhapet ja peptiidikompleksi, mis muudab valguse energiaks. Niisutab kiiresti nahka, ergutab kollageeni s\u00fcnteesi, t\u00f5stab n\u00e4oovaali, parandab m\u00e4rgatavalt naha tekstuuri, k\u00f5rvaldab iluvead, hoiab \u00e4ra uute kortsude tekke ja silub olemasolevaid ning avaldab kiiret ja tajutavat toimet kohe p\u00e4rast protseduuri. Taastab naha v\u00e4rskuse, [&hellip;]\" \/>\n<meta property=\"og:url\" content=\"https:\/\/gigi.ee\/koik-tooted\/professionaalidele\/nutri-pepride-pro\/nutri-peptide-anti-aging-booster-125-ml\/\" \/>\n<meta property=\"og:site_name\" content=\"Dolores GIGI\" \/>\n<meta property=\"article:publisher\" content=\"https:\/\/www.facebook.com\/gigicosmeticeestis\/\" \/>\n<meta property=\"article:modified_time\" content=\"2024-12-13T14:42:57+00:00\" \/>\n<meta property=\"og:image\" content=\"https:\/\/gigi.ee\/wp-content\/uploads\/2020\/02\/full_11530.jpg\" \/>\n\t<meta property=\"og:image:width\" content=\"800\" \/>\n\t<meta property=\"og:image:height\" content=\"842\" \/>\n\t<meta property=\"og:image:type\" content=\"image\/jpeg\" \/>\n<meta name=\"twitter:card\" content=\"summary_large_image\" \/>\n<meta name=\"twitter:label1\" content=\"\u041f\u0440\u0438\u043c\u0435\u0440\u043d\u043e\u0435 \u0432\u0440\u0435\u043c\u044f \u0434\u043b\u044f \u0447\u0442\u0435\u043d\u0438\u044f\" \/>\n\t<meta name=\"twitter:data1\" content=\"1 \u043c\u0438\u043d\u0443\u0442\u0430\" \/>\n<script type=\"application\/ld+json\" class=\"yoast-schema-graph\">{\"@context\":\"https:\\\/\\\/schema.org\",\"@graph\":[{\"@type\":\"WebPage\",\"@id\":\"https:\\\/\\\/gigi.ee\\\/koik-tooted\\\/professionaalidele\\\/nutri-pepride-pro\\\/nutri-peptide-anti-aging-booster-125-ml\\\/\",\"url\":\"https:\\\/\\\/gigi.ee\\\/koik-tooted\\\/professionaalidele\\\/nutri-pepride-pro\\\/nutri-peptide-anti-aging-booster-125-ml\\\/\",\"name\":\"Nutri Peptide Anti-Aging Booster 125 ml - Dolores GIGI\",\"isPartOf\":{\"@id\":\"https:\\\/\\\/gigi.ee\\\/#website\"},\"primaryImageOfPage\":{\"@id\":\"https:\\\/\\\/gigi.ee\\\/koik-tooted\\\/professionaalidele\\\/nutri-pepride-pro\\\/nutri-peptide-anti-aging-booster-125-ml\\\/#primaryimage\"},\"image\":{\"@id\":\"https:\\\/\\\/gigi.ee\\\/koik-tooted\\\/professionaalidele\\\/nutri-pepride-pro\\\/nutri-peptide-anti-aging-booster-125-ml\\\/#primaryimage\"},\"thumbnailUrl\":\"https:\\\/\\\/gigi.ee\\\/wp-content\\\/uploads\\\/2020\\\/02\\\/full_11530.jpg\",\"datePublished\":\"2020-02-18T08:55:52+00:00\",\"dateModified\":\"2024-12-13T14:42:57+00:00\",\"breadcrumb\":{\"@id\":\"https:\\\/\\\/gigi.ee\\\/koik-tooted\\\/professionaalidele\\\/nutri-pepride-pro\\\/nutri-peptide-anti-aging-booster-125-ml\\\/#breadcrumb\"},\"inLanguage\":\"ru-RU\",\"potentialAction\":[{\"@type\":\"ReadAction\",\"target\":[\"https:\\\/\\\/gigi.ee\\\/koik-tooted\\\/professionaalidele\\\/nutri-pepride-pro\\\/nutri-peptide-anti-aging-booster-125-ml\\\/\"]}]},{\"@type\":\"ImageObject\",\"inLanguage\":\"ru-RU\",\"@id\":\"https:\\\/\\\/gigi.ee\\\/koik-tooted\\\/professionaalidele\\\/nutri-pepride-pro\\\/nutri-peptide-anti-aging-booster-125-ml\\\/#primaryimage\",\"url\":\"https:\\\/\\\/gigi.ee\\\/wp-content\\\/uploads\\\/2020\\\/02\\\/full_11530.jpg\",\"contentUrl\":\"https:\\\/\\\/gigi.ee\\\/wp-content\\\/uploads\\\/2020\\\/02\\\/full_11530.jpg\",\"width\":800,\"height\":842},{\"@type\":\"BreadcrumbList\",\"@id\":\"https:\\\/\\\/gigi.ee\\\/koik-tooted\\\/professionaalidele\\\/nutri-pepride-pro\\\/nutri-peptide-anti-aging-booster-125-ml\\\/#breadcrumb\",\"itemListElement\":[{\"@type\":\"ListItem\",\"position\":1,\"name\":\"Home\",\"item\":\"https:\\\/\\\/gigi.ee\\\/ru\\\/\"},{\"@type\":\"ListItem\",\"position\":2,\"name\":\"\u0412\u0441\u044f \u043f\u0440\u043e\u0434\u0443\u043a\u0446\u0438\u044f\",\"item\":\"https:\\\/\\\/gigi.ee\\\/ru\\\/koik-tooted\\\/\"},{\"@type\":\"ListItem\",\"position\":3,\"name\":\"Nutri Peptide Anti-Aging Booster 125 ml\"}]},{\"@type\":\"WebSite\",\"@id\":\"https:\\\/\\\/gigi.ee\\\/#website\",\"url\":\"https:\\\/\\\/gigi.ee\\\/\",\"name\":\"Dolores GIGI\",\"description\":\"GIGI tooted Eestis\",\"publisher\":{\"@id\":\"https:\\\/\\\/gigi.ee\\\/#organization\"},\"potentialAction\":[{\"@type\":\"SearchAction\",\"target\":{\"@type\":\"EntryPoint\",\"urlTemplate\":\"https:\\\/\\\/gigi.ee\\\/?s={search_term_string}\"},\"query-input\":{\"@type\":\"PropertyValueSpecification\",\"valueRequired\":true,\"valueName\":\"search_term_string\"}}],\"inLanguage\":\"ru-RU\"},{\"@type\":\"Organization\",\"@id\":\"https:\\\/\\\/gigi.ee\\\/#organization\",\"name\":\"Dolores O\u00dc\",\"url\":\"https:\\\/\\\/gigi.ee\\\/\",\"logo\":{\"@type\":\"ImageObject\",\"inLanguage\":\"ru-RU\",\"@id\":\"https:\\\/\\\/gigi.ee\\\/#\\\/schema\\\/logo\\\/image\\\/\",\"url\":\"https:\\\/\\\/gigi.ee\\\/wp-content\\\/uploads\\\/2019\\\/12\\\/index-removebg-preview.png\",\"contentUrl\":\"https:\\\/\\\/gigi.ee\\\/wp-content\\\/uploads\\\/2019\\\/12\\\/index-removebg-preview.png\",\"width\":225,\"height\":225,\"caption\":\"Dolores O\u00dc\"},\"image\":{\"@id\":\"https:\\\/\\\/gigi.ee\\\/#\\\/schema\\\/logo\\\/image\\\/\"},\"sameAs\":[\"https:\\\/\\\/www.facebook.com\\\/gigicosmeticeestis\\\/\",\"https:\\\/\\\/www.instagram.com\\\/dolorescosmetics\\\/\"]}]}<\/script>\n<!-- \/ Yoast SEO plugin. -->","yoast_head_json":{"title":"Nutri Peptide Anti-Aging Booster 125 ml - Dolores GIGI","robots":{"index":"index","follow":"follow","max-snippet":"max-snippet:-1","max-image-preview":"max-image-preview:large","max-video-preview":"max-video-preview:-1"},"canonical":"https:\/\/gigi.ee\/koik-tooted\/professionaalidele\/nutri-pepride-pro\/nutri-peptide-anti-aging-booster-125-ml\/","og_locale":"ru_RU","og_type":"article","og_title":"Nutri Peptide Anti-Aging Booster 125 ml - Dolores GIGI","og_description":"Vananemisilminguid ennetav m\u00f5jus vahend aitab s\u00e4ilitada naha s\u00e4ra ja v\u00e4rskust. Preparaat sisaldab v\u00e4ikese molekulmassiga h\u00fcaluroonhapet ja peptiidikompleksi, mis muudab valguse energiaks. Niisutab kiiresti nahka, ergutab kollageeni s\u00fcnteesi, t\u00f5stab n\u00e4oovaali, parandab m\u00e4rgatavalt naha tekstuuri, k\u00f5rvaldab iluvead, hoiab \u00e4ra uute kortsude tekke ja silub olemasolevaid ning avaldab kiiret ja tajutavat toimet kohe p\u00e4rast protseduuri. Taastab naha v\u00e4rskuse, [&hellip;]","og_url":"https:\/\/gigi.ee\/koik-tooted\/professionaalidele\/nutri-pepride-pro\/nutri-peptide-anti-aging-booster-125-ml\/","og_site_name":"Dolores GIGI","article_publisher":"https:\/\/www.facebook.com\/gigicosmeticeestis\/","article_modified_time":"2024-12-13T14:42:57+00:00","og_image":[{"width":800,"height":842,"url":"https:\/\/gigi.ee\/wp-content\/uploads\/2020\/02\/full_11530.jpg","type":"image\/jpeg"}],"twitter_card":"summary_large_image","twitter_misc":{"\u041f\u0440\u0438\u043c\u0435\u0440\u043d\u043e\u0435 \u0432\u0440\u0435\u043c\u044f \u0434\u043b\u044f \u0447\u0442\u0435\u043d\u0438\u044f":"1 \u043c\u0438\u043d\u0443\u0442\u0430"},"schema":{"@context":"https:\/\/schema.org","@graph":[{"@type":"WebPage","@id":"https:\/\/gigi.ee\/koik-tooted\/professionaalidele\/nutri-pepride-pro\/nutri-peptide-anti-aging-booster-125-ml\/","url":"https:\/\/gigi.ee\/koik-tooted\/professionaalidele\/nutri-pepride-pro\/nutri-peptide-anti-aging-booster-125-ml\/","name":"Nutri Peptide Anti-Aging Booster 125 ml - Dolores GIGI","isPartOf":{"@id":"https:\/\/gigi.ee\/#website"},"primaryImageOfPage":{"@id":"https:\/\/gigi.ee\/koik-tooted\/professionaalidele\/nutri-pepride-pro\/nutri-peptide-anti-aging-booster-125-ml\/#primaryimage"},"image":{"@id":"https:\/\/gigi.ee\/koik-tooted\/professionaalidele\/nutri-pepride-pro\/nutri-peptide-anti-aging-booster-125-ml\/#primaryimage"},"thumbnailUrl":"https:\/\/gigi.ee\/wp-content\/uploads\/2020\/02\/full_11530.jpg","datePublished":"2020-02-18T08:55:52+00:00","dateModified":"2024-12-13T14:42:57+00:00","breadcrumb":{"@id":"https:\/\/gigi.ee\/koik-tooted\/professionaalidele\/nutri-pepride-pro\/nutri-peptide-anti-aging-booster-125-ml\/#breadcrumb"},"inLanguage":"ru-RU","potentialAction":[{"@type":"ReadAction","target":["https:\/\/gigi.ee\/koik-tooted\/professionaalidele\/nutri-pepride-pro\/nutri-peptide-anti-aging-booster-125-ml\/"]}]},{"@type":"ImageObject","inLanguage":"ru-RU","@id":"https:\/\/gigi.ee\/koik-tooted\/professionaalidele\/nutri-pepride-pro\/nutri-peptide-anti-aging-booster-125-ml\/#primaryimage","url":"https:\/\/gigi.ee\/wp-content\/uploads\/2020\/02\/full_11530.jpg","contentUrl":"https:\/\/gigi.ee\/wp-content\/uploads\/2020\/02\/full_11530.jpg","width":800,"height":842},{"@type":"BreadcrumbList","@id":"https:\/\/gigi.ee\/koik-tooted\/professionaalidele\/nutri-pepride-pro\/nutri-peptide-anti-aging-booster-125-ml\/#breadcrumb","itemListElement":[{"@type":"ListItem","position":1,"name":"Home","item":"https:\/\/gigi.ee\/ru\/"},{"@type":"ListItem","position":2,"name":"\u0412\u0441\u044f \u043f\u0440\u043e\u0434\u0443\u043a\u0446\u0438\u044f","item":"https:\/\/gigi.ee\/ru\/koik-tooted\/"},{"@type":"ListItem","position":3,"name":"Nutri Peptide Anti-Aging Booster 125 ml"}]},{"@type":"WebSite","@id":"https:\/\/gigi.ee\/#website","url":"https:\/\/gigi.ee\/","name":"Dolores GIGI","description":"GIGI tooted Eestis","publisher":{"@id":"https:\/\/gigi.ee\/#organization"},"potentialAction":[{"@type":"SearchAction","target":{"@type":"EntryPoint","urlTemplate":"https:\/\/gigi.ee\/?s={search_term_string}"},"query-input":{"@type":"PropertyValueSpecification","valueRequired":true,"valueName":"search_term_string"}}],"inLanguage":"ru-RU"},{"@type":"Organization","@id":"https:\/\/gigi.ee\/#organization","name":"Dolores O\u00dc","url":"https:\/\/gigi.ee\/","logo":{"@type":"ImageObject","inLanguage":"ru-RU","@id":"https:\/\/gigi.ee\/#\/schema\/logo\/image\/","url":"https:\/\/gigi.ee\/wp-content\/uploads\/2019\/12\/index-removebg-preview.png","contentUrl":"https:\/\/gigi.ee\/wp-content\/uploads\/2019\/12\/index-removebg-preview.png","width":225,"height":225,"caption":"Dolores O\u00dc"},"image":{"@id":"https:\/\/gigi.ee\/#\/schema\/logo\/image\/"},"sameAs":["https:\/\/www.facebook.com\/gigicosmeticeestis\/","https:\/\/www.instagram.com\/dolorescosmetics\/"]}]}},"_links":{"self":[{"href":"https:\/\/gigi.ee\/ru\/wp-json\/wp\/v2\/product\/3213","targetHints":{"allow":["GET"]}}],"collection":[{"href":"https:\/\/gigi.ee\/ru\/wp-json\/wp\/v2\/product"}],"about":[{"href":"https:\/\/gigi.ee\/ru\/wp-json\/wp\/v2\/types\/product"}],"wp:featuredmedia":[{"embeddable":true,"href":"https:\/\/gigi.ee\/ru\/wp-json\/wp\/v2\/media\/3212"}],"wp:attachment":[{"href":"https:\/\/gigi.ee\/ru\/wp-json\/wp\/v2\/media?parent=3213"}],"wp:term":[{"taxonomy":"product_brand","embeddable":true,"href":"https:\/\/gigi.ee\/ru\/wp-json\/wp\/v2\/product_brand?post=3213"},{"taxonomy":"product_cat","embeddable":true,"href":"https:\/\/gigi.ee\/ru\/wp-json\/wp\/v2\/product_cat?post=3213"},{"taxonomy":"product_tag","embeddable":true,"href":"https:\/\/gigi.ee\/ru\/wp-json\/wp\/v2\/product_tag?post=3213"}],"curies":[{"name":"wp","href":"https:\/\/api.w.org\/{rel}","templated":true}]}}